{"id":37,"date":"2024-11-25T18:15:30","date_gmt":"2024-11-26T00:15:30","guid":{"rendered":"https:\/\/encuentroporlosanimales.org\/?post_type=product&#038;p=37"},"modified":"2025-03-26T11:50:16","modified_gmt":"2025-03-26T17:50:16","slug":"pajarito-tardio","status":"publish","type":"product","link":"https:\/\/encuentroporlosanimales.org\/en\/product\/pajarito-tardio\/","title":{"rendered":"Pajarito Tard\u00edo"},"content":{"rendered":"<h2>Boleto Pajarito Tard\u00edo<\/h2>\n<p>El costo del boleto en la fase P\u00e1jarito tard\u00edo es de $650.00 MXN y estar\u00e1 a la venta del 1 de agosto al 06 de octubre.<\/p>\n<ul>\n<li>Distintivo de acceso a conferencias y expositores.<\/li>\n<li>Acceso a conferencias y expositores<\/li>\n<li>Coffee break los 3 d\u00edas, del 4 al 6 de octubre.<\/li>\n<li>Dos desayunos y dos comidas.<\/li>\n<\/ul>\n<p>*Al realizar la compra de mi boleto para el evento presencial acepto por consecuencia que mi imagen puede y ser\u00e1 usada dentro de las transmisiones en vivo que se realizar\u00e1n como cobertura medi\u00e1tica del evento y\/o redes sociales.<\/p>","protected":false},"excerpt":{"rendered":"<p>El costo del boleto en la fase P\u00e1jarito tard\u00edo es de $650.00 MXN y estar\u00e1 a la venta del 1 de agosto al 06 de octubre.<\/p>","protected":false},"featured_media":243452,"template":"","meta":{"_et_pb_use_builder":"","_et_pb_old_content":"","_et_gb_content_width":"","_price":"650","_stock":"","_tribe_ticket_header":"","_tribe_default_ticket_provider":"","_ticket_start_date":"","_ticket_end_date":"","_tribe_ticket_show_description":"","_tribe_ticket_show_not_going":false,"_tribe_ticket_use_global_stock":"","_tribe_ticket_global_stock_level":"","_global_stock_mode":"","_global_stock_cap":"","_tribe_rsvp_for_event":"","_tribe_ticket_going_count":"","_tribe_ticket_not_going_count":"","_tribe_tickets_list":"[]","_tribe_ticket_has_attendee_info_fields":false},"product_brand":[],"product_cat":[18],"product_tag":[19],"class_list":{"0":"post-37","1":"product","2":"type-product","3":"status-publish","4":"has-post-thumbnail","6":"product_cat-boleto","7":"product_tag-boleto","9":"first","10":"instock","11":"virtual","12":"purchasable","13":"product-type-simple"},"_links":{"self":[{"href":"https:\/\/encuentroporlosanimales.org\/en\/wp-json\/wp\/v2\/product\/37","targetHints":{"allow":["GET"]}}],"collection":[{"href":"https:\/\/encuentroporlosanimales.org\/en\/wp-json\/wp\/v2\/product"}],"about":[{"href":"https:\/\/encuentroporlosanimales.org\/en\/wp-json\/wp\/v2\/types\/product"}],"wp:featuredmedia":[{"embeddable":true,"href":"https:\/\/encuentroporlosanimales.org\/en\/wp-json\/wp\/v2\/media\/243452"}],"wp:attachment":[{"href":"https:\/\/encuentroporlosanimales.org\/en\/wp-json\/wp\/v2\/media?parent=37"}],"wp:term":[{"taxonomy":"product_brand","embeddable":true,"href":"https:\/\/encuentroporlosanimales.org\/en\/wp-json\/wp\/v2\/product_brand?post=37"},{"taxonomy":"product_cat","embeddable":true,"href":"https:\/\/encuentroporlosanimales.org\/en\/wp-json\/wp\/v2\/product_cat?post=37"},{"taxonomy":"product_tag","embeddable":true,"href":"https:\/\/encuentroporlosanimales.org\/en\/wp-json\/wp\/v2\/product_tag?post=37"}],"curies":[{"name":"wp","href":"https:\/\/api.w.org\/{rel}","templated":true}]}}