{"id":242949,"date":"2025-02-10T12:33:46","date_gmt":"2025-02-10T18:33:46","guid":{"rendered":"https:\/\/encuentroporlosanimales.org\/?page_id=242949"},"modified":"2025-06-17T16:14:05","modified_gmt":"2025-06-17T22:14:05","slug":"donaciones-exa","status":"publish","type":"page","link":"https:\/\/encuentroporlosanimales.org\/en\/donaciones-exa\/","title":{"rendered":"DONATE"},"content":{"rendered":"<p>[et_pb_section fb_built=&#8221;1&#8243; _builder_version=&#8221;4.27.4&#8243; _module_preset=&#8221;default&#8221; background_color=&#8221;#603813&#8243; background_image=&#8221;https:\/\/encuentroporlosanimales.org\/wp-content\/uploads\/2025\/01\/exa-fondos-hojas-2.png&#8221; background_blend=&#8221;screen&#8221; custom_margin=&#8221;0px||0px||true|false&#8221; custom_padding=&#8221;25px||15px||false|false&#8221; global_module=&#8221;242857&#8243; saved_tabs=&#8221;all&#8221; locked=&#8221;off&#8221; global_colors_info=&#8221;{}&#8221;][et_pb_row _builder_version=&#8221;4.27.4&#8243; _module_preset=&#8221;default&#8221; custom_padding=&#8221;||24px|||&#8221; global_colors_info=&#8221;{}&#8221;][et_pb_column type=&#8221;4_4&#8243; _builder_version=&#8221;4.27.4&#8243; _module_preset=&#8221;default&#8221; global_colors_info=&#8221;{}&#8221;][et_pb_text _builder_version=&#8221;4.27.4&#8243; _dynamic_attributes=&#8221;content&#8221; _module_preset=&#8221;default&#8221; header_font=&#8221;|700|||||||&#8221; header_text_align=&#8221;center&#8221; header_text_color=&#8221;#FFFFFF&#8221; background_color=&#8221;gcid-34b9b63d-6b89-45be-8a00-b072c7d3b5b7&#8243; width=&#8221;65vw&#8221; width_tablet=&#8221;65vw&#8221; width_phone=&#8221;65vw&#8221; width_last_edited=&#8221;on|desktop&#8221; module_alignment=&#8221;center&#8221; custom_margin=&#8221;||16px|||&#8221; custom_padding=&#8221;19px|15px|5px|15px|false|true&#8221; header_font_size_tablet=&#8221;40px&#8221; header_font_size_phone=&#8221;30px&#8221; header_font_size_last_edited=&#8221;on|tablet&#8221; global_colors_info=&#8221;{%22gcid-34b9b63d-6b89-45be-8a00-b072c7d3b5b7%22:%91%22background_color%22%93}&#8221;]@ET-DC@eyJkeW5hbWljIjp0cnVlLCJjb250ZW50IjoicG9zdF90aXRsZSIsInNldHRpbmdzIjp7ImJlZm9yZSI6IjxoMT4iLCJhZnRlciI6IjwvaDE+In19@[\/et_pb_text][et_pb_text _builder_version=&#8221;4.27.4&#8243; _module_preset=&#8221;default&#8221; text_font=&#8221;|600||on|||||&#8221; text_text_color=&#8221;#FF7BA4&#8243; header_3_text_color=&#8221;#FF7BA4&#8243; text_orientation=&#8221;center&#8221; global_colors_info=&#8221;{}&#8221;]<\/p>\n<h3>Encuentro Por los Animales<\/h3>\n<p>[\/et_pb_text][\/et_pb_column][\/et_pb_row][\/et_pb_section][et_pb_section fb_built=&#8221;1&#8243; _builder_version=&#8221;4.27.4&#8243; _module_preset=&#8221;default&#8221; width=&#8221;100%&#8221; module_alignment=&#8221;center&#8221; custom_margin=&#8221;0px||0px||true|false&#8221; custom_padding=&#8221;0px||0px||true|false&#8221; global_module=&#8221;242282&#8243; saved_tabs=&#8221;all&#8221; locked=&#8221;off&#8221; global_colors_info=&#8221;{}&#8221;][et_pb_row _builder_version=&#8221;4.27.4&#8243; _module_preset=&#8221;default&#8221; width=&#8221;100%&#8221; module_alignment=&#8221;center&#8221; custom_margin=&#8221;0px||0px||true|false&#8221; custom_padding=&#8221;0px||0px||true|false&#8221; global_colors_info=&#8221;{}&#8221;][et_pb_column type=&#8221;4_4&#8243; _builder_version=&#8221;4.27.4&#8243; _module_preset=&#8221;default&#8221; global_colors_info=&#8221;{}&#8221;][et_pb_image src=&#8221;https:\/\/encuentroporlosanimales.org\/wp-content\/uploads\/2025\/01\/FranjaColores.png&#8221; alt=&#8221;Encuentro Animalista en Ciudad de M\u00e9xico, Encuentro por los Animales&#8221; title_text=&#8221;FranjaColores&#8221; align=&#8221;center&#8221; force_fullwidth=&#8221;on&#8221; _builder_version=&#8221;4.27.4&#8243; _module_preset=&#8221;default&#8221; global_colors_info=&#8221;{}&#8221;][\/et_pb_image][\/et_pb_column][\/et_pb_row][\/et_pb_section][et_pb_section fb_built=&#8221;1&#8243; _builder_version=&#8221;4.27.4&#8243; _module_preset=&#8221;default&#8221; background_color=&#8221;#E3DCD6&#8243; background_image=&#8221;https:\/\/encuentroporlosanimales.org\/wp-content\/uploads\/2025\/01\/isotipo-exa-light-grey.svg&#8221; background_size=&#8221;custom&#8221; background_image_width=&#8221;20%&#8221; background_position=&#8221;top_right&#8221; background_vertical_offset=&#8221;11%&#8221; background_blend=&#8221;multiply&#8221; custom_margin=&#8221;||||true&#8221; custom_padding=&#8221;54px||65px||false|false&#8221; background_last_edited=&#8221;on|phone&#8221; background_size_tablet=&#8221;custom&#8221; background_size_phone=&#8221;custom&#8221; background_image_width_tablet=&#8221;22%&#8221; background_image_width_phone=&#8221;30%&#8221; background_horizontal_offset_tablet=&#8221;3%&#8221; background_horizontal_offset_phone=&#8221;0%&#8221; background_vertical_offset_phone=&#8221;0%&#8221; locked=&#8221;off&#8221; global_colors_info=&#8221;{}&#8221;][et_pb_row _builder_version=&#8221;4.27.4&#8243; _module_preset=&#8221;default&#8221; custom_padding=&#8221;11px||5px|||&#8221; global_colors_info=&#8221;{}&#8221;][et_pb_column type=&#8221;4_4&#8243; _builder_version=&#8221;4.27.4&#8243; _module_preset=&#8221;default&#8221; global_colors_info=&#8221;{}&#8221;][et_pb_text admin_label=&#8221;Learn How Our Programm Can Help You Achieve the Pinnacle&#8221; _builder_version=&#8221;4.27.4&#8243; _module_preset=&#8221;default&#8221; text_text_color=&#8221;#f1954a&#8221; text_font_size=&#8221;16px&#8221; header_font=&#8221;|800||on|||||&#8221; header_text_color=&#8221;#FFFFFF&#8221; header_font_size=&#8221;48px&#8221; header_2_font=&#8221;|800||on|||||&#8221; header_2_text_color=&#8221;#FFFFFF&#8221; header_2_font_size=&#8221;48px&#8221; background_color=&#8221;gcid-34b9b63d-6b89-45be-8a00-b072c7d3b5b7&#8243; transform_translate_linked=&#8221;off&#8221; width=&#8221;65vw&#8221; module_alignment=&#8221;left&#8221; custom_margin=&#8221;||||false|false&#8221; custom_padding=&#8221;18px|15px|10px|15px|false|true&#8221; text_font_size_tablet=&#8221;14px&#8221; text_font_size_phone=&#8221;14px&#8221; text_font_size_last_edited=&#8221;on|tablet&#8221; header_font_size_tablet=&#8221;44px&#8221; header_font_size_phone=&#8221;30px&#8221; header_font_size_last_edited=&#8221;on|desktop&#8221; header_2_font_size_tablet=&#8221;44px&#8221; header_2_font_size_phone=&#8221;30px&#8221; header_2_font_size_last_edited=&#8221;on|desktop&#8221; global_colors_info=&#8221;{%22gcid-3ececbe6-3d5f-494b-9ef0-c80bb0669521%22:%91%22header_2_text_color%22%93,%22gcid-34b9b63d-6b89-45be-8a00-b072c7d3b5b7%22:%91%22background_color%22%93}&#8221;]<\/p>\n<h2>\u00a1Gracias por tu apoyo!<\/h2>\n<p>[\/et_pb_text][\/et_pb_column][\/et_pb_row][et_pb_row column_structure=&#8221;3_5,2_5&#8243; _builder_version=&#8221;4.27.4&#8243; _module_preset=&#8221;default&#8221; custom_padding=&#8221;59px|||||&#8221; global_colors_info=&#8221;{}&#8221;][et_pb_column type=&#8221;3_5&#8243; _builder_version=&#8221;4.27.4&#8243; _module_preset=&#8221;default&#8221; global_colors_info=&#8221;{}&#8221;][et_pb_text _builder_version=&#8221;4.27.4&#8243; _module_preset=&#8221;default&#8221; header_2_text_color=&#8221;#141414&#8243; header_2_font_size=&#8221;44px&#8221; width_tablet=&#8221;65vw&#8221; width_phone=&#8221;65vw&#8221; width_last_edited=&#8221;on|tablet&#8221; custom_margin=&#8221;25px||49px|||&#8221; header_2_font_size_tablet=&#8221;36px&#8221; header_2_font_size_phone=&#8221;24px&#8221; header_2_font_size_last_edited=&#8221;on|phone&#8221; global_colors_info=&#8221;{}&#8221;]<\/p>\n<p>La edici\u00f3n 2024 de EXA fue posible gracias a dos a\u00f1os de trabajo dedicado a la recaudaci\u00f3n de fondos.<\/p>\n<p>A trav\u00e9s del apoyo de financiadoras, organizaciones internacionales y latinoamericanas; as\u00ed como donaciones individuales, logramos hacer realidad este encuentro, ofreciendo becas para activistas de toda la regi\u00f3n y boletos a precios accesibles.<\/p>\n<p>Cada aporte, por peque\u00f1o que sea, hace la diferencia. S\u00daMATE Y AY\u00daDANOS a seguir construyendo espacios de aprendizaje y colaboraci\u00f3n para el movimiento por la liberaci\u00f3n animal.<\/p>\n<p><strong>\u00a1Tu apoyo es fundamental!<\/strong><\/p>\n<p>[\/et_pb_text][et_pb_code _builder_version=&#8221;4.27.4&#8243; _module_preset=&#8221;default&#8221; hover_enabled=&#8221;0&#8243; sticky_enabled=&#8221;0&#8243; disabled_on=&#8221;on|on|on&#8221; disabled=&#8221;on&#8221;]<\/p>\n<form action=\"https:\/\/www.paypal.com\/donate\" method=\"post\" target=\"_top\"><!-- [et_pb_line_break_holder] --><input type=\"hidden\" name=\"hosted_button_id\" value=\"ELTUQ3MVDRWAS\" \/><!-- [et_pb_line_break_holder] --><input type=\"image\" src=\"https:\/\/www.paypalobjects.com\/en_US\/i\/btn\/btn_donate_LG.gif\" border=\"0\" name=\"submit\" title=\"PayPal - The safer, easier way to pay online!\" alt=\"Donate with PayPal button\" \/><!-- [et_pb_line_break_holder] --><img loading=\"lazy\" decoding=\"async\" alt=\"\" border=\"0\" src=\"https:\/\/www.paypal.com\/en_CA\/i\/scr\/pixel.gif\" width=\"1\" height=\"1\" title=\"\"><!-- [et_pb_line_break_holder] --><\/form>\n<p>[\/et_pb_code][et_pb_button button_url=&#8221;https:\/\/www.paypal.com\/donate\/?hosted_button_id=ELTUQ3MVDRWAS&#8221; url_new_window=&#8221;on&#8221; button_text=&#8221;\u00a1DONA AHORA!&#8221; button_alignment=&#8221;center&#8221; _builder_version=&#8221;4.27.4&#8243; _module_preset=&#8221;default&#8221; custom_button=&#8221;on&#8221; custom_padding=&#8221;15px||15px||true|false&#8221; hover_enabled=&#8221;0&#8243; custom_css_main_element=&#8221;width: 100%;&#8221; global_colors_info=&#8221;{}&#8221; disabled_on=&#8221;off|off|off&#8221; sticky_enabled=&#8221;0&#8243;][\/et_pb_button][\/et_pb_column][et_pb_column type=&#8221;2_5&#8243; _builder_version=&#8221;4.27.4&#8243; _module_preset=&#8221;default&#8221; global_colors_info=&#8221;{}&#8221;][et_pb_image src=&#8221;https:\/\/encuentroporlosanimales.org\/wp-content\/uploads\/2025\/02\/reviva-exa-2024_08.jpg&#8221; alt=&#8221;Revive el EXA 2024, CD De M\u00e9xico, Encuentro por los Animales&#8221; title_text=&#8221;Revive el EXA 2024, CD De M\u00e9xico, Encuentro por los Animales&#8221; align=&#8221;center&#8221; _builder_version=&#8221;4.27.4&#8243; _module_preset=&#8221;default&#8221; custom_padding=&#8221;||70px||false|false&#8221; border_radii=&#8221;on|16px|16px|16px|16px&#8221; box_shadow_style=&#8221;preset3&#8243; box_shadow_vertical=&#8221;42px&#8221; box_shadow_blur=&#8221;24px&#8221; box_shadow_spread=&#8221;12px&#8221; box_shadow_color=&#8221;rgba(0,0,0,0.09)&#8221; global_colors_info=&#8221;{}&#8221;][\/et_pb_image][\/et_pb_column][\/et_pb_row][\/et_pb_section]<\/p>\n","protected":false},"excerpt":{"rendered":"<p>Encuentro Por los Animales\u00a1Gracias por tu apoyo!La edici\u00f3n 2024 de EXA fue posible gracias a dos a\u00f1os de trabajo dedicado a la recaudaci\u00f3n de fondos. A trav\u00e9s del apoyo de [&hellip;]<\/p>\n","protected":false},"author":1,"featured_media":0,"parent":0,"menu_order":0,"comment_status":"closed","ping_status":"closed","template":"","meta":{"_et_pb_use_builder":"on","_et_pb_old_content":"","_et_gb_content_width":"","_price":"","_stock":"","_tribe_ticket_header":"","_tribe_default_ticket_provider":"TEC\\Tickets\\Commerce\\Module","_ticket_start_date":"","_ticket_end_date":"","_tribe_ticket_show_description":"","_tribe_ticket_show_not_going":false,"_tribe_ticket_use_global_stock":"","_tribe_ticket_global_stock_level":"","_global_stock_mode":"","_global_stock_cap":"","_tribe_rsvp_for_event":"","_tribe_ticket_going_count":"","_tribe_ticket_not_going_count":"","_tribe_tickets_list":"[]","_tribe_ticket_has_attendee_info_fields":false,"footnotes":"","_tec_slr_enabled":"","_tec_slr_layout":""},"class_list":["post-242949","page","type-page","status-publish","hentry"],"ticketed":false,"_links":{"self":[{"href":"https:\/\/encuentroporlosanimales.org\/en\/wp-json\/wp\/v2\/pages\/242949","targetHints":{"allow":["GET"]}}],"collection":[{"href":"https:\/\/encuentroporlosanimales.org\/en\/wp-json\/wp\/v2\/pages"}],"about":[{"href":"https:\/\/encuentroporlosanimales.org\/en\/wp-json\/wp\/v2\/types\/page"}],"author":[{"embeddable":true,"href":"https:\/\/encuentroporlosanimales.org\/en\/wp-json\/wp\/v2\/users\/1"}],"replies":[{"embeddable":true,"href":"https:\/\/encuentroporlosanimales.org\/en\/wp-json\/wp\/v2\/comments?post=242949"}],"version-history":[{"count":16,"href":"https:\/\/encuentroporlosanimales.org\/en\/wp-json\/wp\/v2\/pages\/242949\/revisions"}],"predecessor-version":[{"id":244099,"href":"https:\/\/encuentroporlosanimales.org\/en\/wp-json\/wp\/v2\/pages\/242949\/revisions\/244099"}],"wp:attachment":[{"href":"https:\/\/encuentroporlosanimales.org\/en\/wp-json\/wp\/v2\/media?parent=242949"}],"curies":[{"name":"wp","href":"https:\/\/api.w.org\/{rel}","templated":true}]}}