{"id":242756,"date":"2025-01-29T11:13:48","date_gmt":"2025-01-29T17:13:48","guid":{"rendered":"https:\/\/encuentroporlosanimales.org\/?page_id=242756"},"modified":"2025-04-24T13:08:36","modified_gmt":"2025-04-24T19:08:36","slug":"apoya-al-exa","status":"publish","type":"page","link":"https:\/\/encuentroporlosanimales.org\/en\/apoya-al-exa\/","title":{"rendered":"Support EXA"},"content":{"rendered":"<p>[et_pb_section fb_built=&#8221;1&#8243; _builder_version=&#8221;4.27.4&#8243; _module_preset=&#8221;default&#8221; background_color=&#8221;#603813&#8243; background_image=&#8221;https:\/\/encuentroporlosanimales.org\/wp-content\/uploads\/2025\/01\/exa-fondos-hojas-2.png&#8221; background_blend=&#8221;screen&#8221; custom_margin=&#8221;0px||0px||true|false&#8221; custom_padding=&#8221;25px||15px||false|false&#8221; global_module=&#8221;242857&#8243; saved_tabs=&#8221;all&#8221; locked=&#8221;off&#8221; global_colors_info=&#8221;{}&#8221;][et_pb_row _builder_version=&#8221;4.27.4&#8243; _module_preset=&#8221;default&#8221; custom_padding=&#8221;||24px|||&#8221; global_colors_info=&#8221;{}&#8221;][et_pb_column type=&#8221;4_4&#8243; _builder_version=&#8221;4.27.4&#8243; _module_preset=&#8221;default&#8221; global_colors_info=&#8221;{}&#8221;][et_pb_text _builder_version=&#8221;4.27.4&#8243; _dynamic_attributes=&#8221;content&#8221; _module_preset=&#8221;default&#8221; header_font=&#8221;|700|||||||&#8221; header_text_align=&#8221;center&#8221; header_text_color=&#8221;#FFFFFF&#8221; background_color=&#8221;gcid-34b9b63d-6b89-45be-8a00-b072c7d3b5b7&#8243; width=&#8221;65vw&#8221; width_tablet=&#8221;65vw&#8221; width_phone=&#8221;65vw&#8221; width_last_edited=&#8221;on|desktop&#8221; module_alignment=&#8221;center&#8221; custom_margin=&#8221;||16px|||&#8221; custom_padding=&#8221;19px|15px|5px|15px|false|true&#8221; global_colors_info=&#8221;{%22gcid-34b9b63d-6b89-45be-8a00-b072c7d3b5b7%22:%91%22background_color%22%93}&#8221;]@ET-DC@eyJkeW5hbWljIjp0cnVlLCJjb250ZW50IjoicG9zdF90aXRsZSIsInNldHRpbmdzIjp7ImJlZm9yZSI6IjxoMT4iLCJhZnRlciI6IjwvaDE+In19@[\/et_pb_text][et_pb_text _builder_version=&#8221;4.27.4&#8243; _module_preset=&#8221;default&#8221; text_font=&#8221;|600||on|||||&#8221; text_text_color=&#8221;#FF7BA4&#8243; header_3_text_color=&#8221;#FF7BA4&#8243; text_orientation=&#8221;center&#8221; global_colors_info=&#8221;{}&#8221;]<\/p>\n<h3>Encuentro Por los Animales<\/h3>\n<p>[\/et_pb_text][\/et_pb_column][\/et_pb_row][\/et_pb_section][et_pb_section fb_built=&#8221;1&#8243; _builder_version=&#8221;4.27.4&#8243; _module_preset=&#8221;default&#8221; width=&#8221;100%&#8221; module_alignment=&#8221;center&#8221; custom_margin=&#8221;0px||0px||true|false&#8221; custom_padding=&#8221;0px||0px||true|false&#8221; global_module=&#8221;242282&#8243; saved_tabs=&#8221;all&#8221; locked=&#8221;off&#8221; global_colors_info=&#8221;{}&#8221;][et_pb_row _builder_version=&#8221;4.27.4&#8243; _module_preset=&#8221;default&#8221; width=&#8221;100%&#8221; module_alignment=&#8221;center&#8221; custom_margin=&#8221;0px||0px||true|false&#8221; custom_padding=&#8221;0px||0px||true|false&#8221; global_colors_info=&#8221;{}&#8221;][et_pb_column type=&#8221;4_4&#8243; _builder_version=&#8221;4.27.4&#8243; _module_preset=&#8221;default&#8221; global_colors_info=&#8221;{}&#8221;][et_pb_image src=&#8221;https:\/\/encuentroporlosanimales.org\/wp-content\/uploads\/2025\/01\/FranjaColores.png&#8221; alt=&#8221;Encuentro Animalista en Ciudad de M\u00e9xico, Encuentro por los Animales&#8221; title_text=&#8221;FranjaColores&#8221; align=&#8221;center&#8221; force_fullwidth=&#8221;on&#8221; _builder_version=&#8221;4.27.4&#8243; _module_preset=&#8221;default&#8221; global_colors_info=&#8221;{}&#8221;][\/et_pb_image][\/et_pb_column][\/et_pb_row][\/et_pb_section][et_pb_section fb_built=&#8221;1&#8243; _builder_version=&#8221;4.27.4&#8243; _module_preset=&#8221;default&#8221; background_color=&#8221;#E3DCD6&#8243; background_image=&#8221;https:\/\/encuentroporlosanimales.org\/wp-content\/uploads\/2025\/02\/cuyo-cafe.svg&#8221; background_size=&#8221;custom&#8221; background_image_width=&#8221;20%&#8221; background_position=&#8221;top_right&#8221; background_vertical_offset=&#8221;11%&#8221; background_blend=&#8221;multiply&#8221; custom_margin=&#8221;||||true&#8221; custom_padding=&#8221;54px||65px||false|false&#8221; hover_enabled=&#8221;0&#8243; background_last_edited=&#8221;on|phone&#8221; background_size_tablet=&#8221;custom&#8221; background_size_phone=&#8221;custom&#8221; background_image_width_tablet=&#8221;22%&#8221; background_image_width_phone=&#8221;30%&#8221; background_horizontal_offset_tablet=&#8221;3%&#8221; background_horizontal_offset_phone=&#8221;0%&#8221; background_vertical_offset_phone=&#8221;0%&#8221; locked=&#8221;off&#8221; global_colors_info=&#8221;{}&#8221; alt=&#8221;Encuentro por los Animales, Lima Per\u00fa, Octubre 2025&#8243; title_text=&#8221;cuyo-cafe&#8221; sticky_enabled=&#8221;0&#8243;][et_pb_row _builder_version=&#8221;4.27.4&#8243; _module_preset=&#8221;default&#8221; custom_padding=&#8221;||27px|||&#8221; global_colors_info=&#8221;{}&#8221;][et_pb_column type=&#8221;4_4&#8243; _builder_version=&#8221;4.27.4&#8243; _module_preset=&#8221;default&#8221; global_colors_info=&#8221;{}&#8221;][et_pb_code admin_label=&#8221;Anchor info&#8221; _builder_version=&#8221;4.27.4&#8243; _module_preset=&#8221;default&#8221; locked=&#8221;off&#8221; global_colors_info=&#8221;{}&#8221;]<a name=\"vision\"><\/a>[\/et_pb_code][et_pb_text admin_label=&#8221;Learn How Our Programm Can Help You Achieve the Pinnacle&#8221; _builder_version=&#8221;4.27.4&#8243; _module_preset=&#8221;default&#8221; text_text_color=&#8221;#f1954a&#8221; text_font_size=&#8221;16px&#8221; header_2_font=&#8221;|800||on|||||&#8221; header_2_text_color=&#8221;#FFFFFF&#8221; header_2_font_size=&#8221;48px&#8221; background_color=&#8221;gcid-34b9b63d-6b89-45be-8a00-b072c7d3b5b7&#8243; transform_translate_linked=&#8221;off&#8221; width=&#8221;65vw&#8221; module_alignment=&#8221;left&#8221; custom_margin=&#8221;||||false|false&#8221; custom_padding=&#8221;18px|15px|10px|15px|false|true&#8221; text_font_size_tablet=&#8221;14px&#8221; text_font_size_phone=&#8221;14px&#8221; text_font_size_last_edited=&#8221;on|tablet&#8221; header_2_font_size_tablet=&#8221;44px&#8221; header_2_font_size_phone=&#8221;30px&#8221; header_2_font_size_last_edited=&#8221;on|phone&#8221; global_colors_info=&#8221;{%22gcid-3ececbe6-3d5f-494b-9ef0-c80bb0669521%22:%91%22header_2_text_color%22%93,%22gcid-34b9b63d-6b89-45be-8a00-b072c7d3b5b7%22:%91%22background_color%22%93}&#8221;]<\/p>\n<h2>FORMA PARTE DE EXA 2025<\/h2>\n<p>[\/et_pb_text][\/et_pb_column][\/et_pb_row][et_pb_row disabled_on=&#8221;off|off|off&#8221; module_class=&#8221;dtb-equal-height&#8221; _builder_version=&#8221;4.27.4&#8243; _module_preset=&#8221;default&#8221; max_width=&#8221;80%&#8221; custom_padding=&#8221;9px||52px|||&#8221; locked=&#8221;off&#8221; global_colors_info=&#8221;{}&#8221;][et_pb_column type=&#8221;4_4&#8243; _builder_version=&#8221;4.27.4&#8243; _module_preset=&#8221;default&#8221; global_colors_info=&#8221;{}&#8221;][et_pb_blurb title=&#8221;Ap\u00f3yanos &#8211; Dona&#8221; use_icon=&#8221;on&#8221; font_icon=&#8221;&#xf4b9;||fa||900&#8243; icon_color=&#8221;gcid-5071cc1b-8239-42c5-9ee7-776dca1ea4ca&#8221; image_icon_background_color=&#8221;gcid-34b9b63d-6b89-45be-8a00-b072c7d3b5b7&#8243; image_icon_width=&#8221;36px&#8221; content_max_width=&#8221;95%&#8221; _builder_version=&#8221;4.27.4&#8243; _module_preset=&#8221;default&#8221; header_font=&#8221;&#8211;et_global_heading_font||||||||&#8221; header_text_align=&#8221;center&#8221; header_text_color=&#8221;#84BE3F&#8221; header_font_size=&#8221;30px&#8221; body_font_size=&#8221;17px&#8221; background_color=&#8221;#603813&#8243; image_icon_custom_margin=&#8221;||||false|true&#8221; image_icon_custom_padding=&#8221;8px|50px|8px|50px|true|true&#8221; text_orientation=&#8221;center&#8221; background_layout=&#8221;dark&#8221; custom_margin=&#8221;||30px||false|false&#8221; custom_padding=&#8221;36px|25px|36px|25px|true|true&#8221; border_radii=&#8221;on|16px|16px|16px|16px&#8221; global_colors_info=&#8221;{%22gcid-34b9b63d-6b89-45be-8a00-b072c7d3b5b7%22:%91%22image_icon_background_color%22%93,%22gcid-5071cc1b-8239-42c5-9ee7-776dca1ea4ca%22:%91%22icon_color%22%93}&#8221;]<\/p>\n<p>Como activistas de base, el apoyo financiero es esencial para poder llevar a cabo esta actividad y poder replicarla en el futuro. Te invitamos a apoyarnos en esta misi\u00f3n en la medida de lo posible.<\/p>\n<p>Es una misi\u00f3n laboriosa que creemos necesaria para nuestro movimiento en estos momentos. Con el tiempo, nos gustar\u00eda hacer de este un evento gratuito para los asistentes y la producci\u00f3n de m\u00e1s talleres<\/p>\n<p>[\/et_pb_blurb][\/et_pb_column][\/et_pb_row][et_pb_row disabled_on=&#8221;off|off|off&#8221; module_class=&#8221;dtb-equal-height&#8221; _builder_version=&#8221;4.27.4&#8243; _module_preset=&#8221;default&#8221; max_width=&#8221;80%&#8221; custom_padding=&#8221;9px||52px|||&#8221; locked=&#8221;off&#8221; global_colors_info=&#8221;{}&#8221;][et_pb_column type=&#8221;4_4&#8243; _builder_version=&#8221;4.27.4&#8243; _module_preset=&#8221;default&#8221; global_colors_info=&#8221;{}&#8221;][et_pb_blurb title=&#8221;Patrocinadores&#8221; use_icon=&#8221;on&#8221; font_icon=&#8221;&#xf4c0;||fa||900&#8243; icon_color=&#8221;gcid-5071cc1b-8239-42c5-9ee7-776dca1ea4ca&#8221; image_icon_background_color=&#8221;gcid-34b9b63d-6b89-45be-8a00-b072c7d3b5b7&#8243; image_icon_width=&#8221;36px&#8221; content_max_width=&#8221;95%&#8221; _builder_version=&#8221;4.27.4&#8243; _module_preset=&#8221;default&#8221; header_font=&#8221;&#8211;et_global_heading_font||||||||&#8221; header_text_align=&#8221;center&#8221; header_text_color=&#8221;#3DB5D5&#8243; header_font_size=&#8221;30px&#8221; body_font_size=&#8221;17px&#8221; body_link_text_color=&#8221;#F3A83B&#8221; background_color=&#8221;#603813&#8243; image_icon_custom_margin=&#8221;||||false|true&#8221; image_icon_custom_padding=&#8221;8px|50px|8px|50px|true|true&#8221; text_orientation=&#8221;center&#8221; background_layout=&#8221;dark&#8221; custom_margin=&#8221;||30px||false|false&#8221; custom_padding=&#8221;36px|25px|36px|25px|true|true&#8221; body_link_font_size_tablet=&#8221;&#8221; body_link_font_size_phone=&#8221;14px&#8221; body_link_font_size_last_edited=&#8221;on|phone&#8221; border_radii=&#8221;on|16px|16px|16px|16px&#8221; global_colors_info=&#8221;{%22gcid-34b9b63d-6b89-45be-8a00-b072c7d3b5b7%22:%91%22image_icon_background_color%22%93,%22gcid-5071cc1b-8239-42c5-9ee7-776dca1ea4ca%22:%91%22icon_color%22%93}&#8221;]<\/p>\n<p>Para saber m\u00e1s de nuestras oportunidades de patrocinio, escr\u00edbenos al correo:<\/p>\n<p><a href=\"mailto:%20contacto@encuentroanimal.org\" target=\"_blank\" rel=\"noopener\" title=\"Patrocina a Encuentro por los Animales\">contacto@encuentroanimal.org<\/a><\/p>\n<p>[\/et_pb_blurb][\/et_pb_column][\/et_pb_row][et_pb_row disabled_on=&#8221;off|off|off&#8221; module_class=&#8221;dtb-equal-height&#8221; _builder_version=&#8221;4.27.4&#8243; _module_preset=&#8221;default&#8221; max_width=&#8221;80%&#8221; custom_padding=&#8221;9px||52px|||&#8221; locked=&#8221;off&#8221; global_colors_info=&#8221;{}&#8221;][et_pb_column type=&#8221;4_4&#8243; _builder_version=&#8221;4.27.4&#8243; _module_preset=&#8221;default&#8221; global_colors_info=&#8221;{}&#8221;][et_pb_blurb title=&#8221;Voluntariado&#8221; use_icon=&#8221;on&#8221; font_icon=&#8221;&#xf4c4;||fa||900&#8243; icon_color=&#8221;gcid-5071cc1b-8239-42c5-9ee7-776dca1ea4ca&#8221; image_icon_background_color=&#8221;gcid-34b9b63d-6b89-45be-8a00-b072c7d3b5b7&#8243; image_icon_width=&#8221;36px&#8221; content_max_width=&#8221;95%&#8221; _builder_version=&#8221;4.27.4&#8243; _module_preset=&#8221;default&#8221; header_font=&#8221;&#8211;et_global_heading_font||||||||&#8221; header_text_align=&#8221;center&#8221; header_text_color=&#8221;#FF7BA4&#8243; header_font_size=&#8221;30px&#8221; body_font_size=&#8221;17px&#8221; background_color=&#8221;#603813&#8243; image_icon_custom_margin=&#8221;||||false|true&#8221; image_icon_custom_padding=&#8221;8px|50px|8px|50px|true|true&#8221; text_orientation=&#8221;center&#8221; background_layout=&#8221;dark&#8221; custom_margin=&#8221;||30px||false|false&#8221; custom_padding=&#8221;36px|25px|36px|25px|true|true&#8221; border_radii=&#8221;on|16px|16px|16px|16px&#8221; global_colors_info=&#8221;{%22gcid-34b9b63d-6b89-45be-8a00-b072c7d3b5b7%22:%91%22image_icon_background_color%22%93,%22gcid-5071cc1b-8239-42c5-9ee7-776dca1ea4ca%22:%91%22icon_color%22%93}&#8221;]<\/p>\n<p><span style=\"font-weight: 400;\">Anunciaremos m\u00e1s detalles pronto<\/span><\/p>\n<p>[\/et_pb_blurb][\/et_pb_column][\/et_pb_row][et_pb_row _builder_version=&#8221;4.27.4&#8243; _module_preset=&#8221;default&#8221; background_color=&#8221;#603813&#8243; global_colors_info=&#8221;{}&#8221;][et_pb_column type=&#8221;4_4&#8243; _builder_version=&#8221;4.27.4&#8243; _module_preset=&#8221;default&#8221; global_colors_info=&#8221;{}&#8221;][et_pb_button button_url=&#8221;https:\/\/encuentroporlosanimales.org\/donaciones-exa\/&#8221; button_text=&#8221;\u00a1DONA AHORA!&#8221; button_alignment=&#8221;center&#8221; _builder_version=&#8221;4.27.4&#8243; _module_preset=&#8221;default&#8221; global_colors_info=&#8221;{}&#8221;][\/et_pb_button][\/et_pb_column][\/et_pb_row][\/et_pb_section]<\/p>\n","protected":false},"excerpt":{"rendered":"<p>Encuentro Por los AnimalesFORMA PARTE DE EXA 2025Como activistas de base, el apoyo financiero es esencial para poder llevar a cabo esta actividad y poder replicarla en el futuro. Te [&hellip;]<\/p>\n","protected":false},"author":1,"featured_media":0,"parent":0,"menu_order":0,"comment_status":"closed","ping_status":"closed","template":"","meta":{"_et_pb_use_builder":"on","_et_pb_old_content":"","_et_gb_content_width":"","_price":"","_stock":"","_tribe_ticket_header":"","_tribe_default_ticket_provider":"TEC\\Tickets\\Commerce\\Module","_ticket_start_date":"","_ticket_end_date":"","_tribe_ticket_show_description":"","_tribe_ticket_show_not_going":false,"_tribe_ticket_use_global_stock":"","_tribe_ticket_global_stock_level":"","_global_stock_mode":"","_global_stock_cap":"","_tribe_rsvp_for_event":"","_tribe_ticket_going_count":"","_tribe_ticket_not_going_count":"","_tribe_tickets_list":"[]","_tribe_ticket_has_attendee_info_fields":false,"footnotes":"","_tec_slr_enabled":"","_tec_slr_layout":""},"class_list":["post-242756","page","type-page","status-publish","hentry"],"ticketed":false,"_links":{"self":[{"href":"https:\/\/encuentroporlosanimales.org\/en\/wp-json\/wp\/v2\/pages\/242756","targetHints":{"allow":["GET"]}}],"collection":[{"href":"https:\/\/encuentroporlosanimales.org\/en\/wp-json\/wp\/v2\/pages"}],"about":[{"href":"https:\/\/encuentroporlosanimales.org\/en\/wp-json\/wp\/v2\/types\/page"}],"author":[{"embeddable":true,"href":"https:\/\/encuentroporlosanimales.org\/en\/wp-json\/wp\/v2\/users\/1"}],"replies":[{"embeddable":true,"href":"https:\/\/encuentroporlosanimales.org\/en\/wp-json\/wp\/v2\/comments?post=242756"}],"version-history":[{"count":27,"href":"https:\/\/encuentroporlosanimales.org\/en\/wp-json\/wp\/v2\/pages\/242756\/revisions"}],"predecessor-version":[{"id":243649,"href":"https:\/\/encuentroporlosanimales.org\/en\/wp-json\/wp\/v2\/pages\/242756\/revisions\/243649"}],"wp:attachment":[{"href":"https:\/\/encuentroporlosanimales.org\/en\/wp-json\/wp\/v2\/media?parent=242756"}],"curies":[{"name":"wp","href":"https:\/\/api.w.org\/{rel}","templated":true}]}}